{"id":19,"date":"2026-02-25T14:08:09","date_gmt":"2026-02-25T14:08:09","guid":{"rendered":"http:\/\/gmcb-gcbb.local\/?page_id=19"},"modified":"2026-03-02T09:29:46","modified_gmt":"2026-03-02T09:29:46","slug":"contact","status":"publish","type":"page","link":"https:\/\/gmcb-gcbb.be\/nl\/contact\/","title":{"rendered":"Kontakt"},"content":{"rendered":"<div class=\"frm_forms  with_frm_style frm_style_formidable-style\" id=\"frm_form_2_container\" data-token=\"64a8635bb6f12f7b70db554de76b091f\">\n<form enctype=\"multipart\/form-data\" method=\"post\" class=\"frm-show-form  frm_js_validate  frm_ajax_submit \" id=\"form_gmcb-contact\" data-token=\"64a8635bb6f12f7b70db554de76b091f\">\n<div class=\"frm_form_fields \">\n<fieldset>\n<legend class=\"frm_screen_reader\">GMCB Contact<\/legend>\r\n\r\n<div class=\"frm_fields_container\">\n<input type=\"hidden\" name=\"frm_action\" value=\"create\" \/>\n<input type=\"hidden\" name=\"form_id\" value=\"2\" \/>\n<input type=\"hidden\" name=\"frm_hide_fields_2\" id=\"frm_hide_fields_2\" value=\"\" \/>\n<input type=\"hidden\" name=\"form_key\" value=\"gmcb-contact\" \/>\n<input type=\"hidden\" name=\"item_meta[0]\" value=\"\" \/>\n<input type=\"hidden\" id=\"frm_submit_entry_2\" name=\"frm_submit_entry_2\" value=\"98503ed4b7\" \/><input type=\"hidden\" name=\"_wp_http_referer\" value=\"\/nl\/wp-json\/wp\/v2\/pages\/19\" \/><div id=\"frm_field_7_container\" class=\"frm_form_field form-field  frm_required_field frm_top_container frm6 frm_first\">\r\n\t<label for=\"field_x2mfo\" id=\"field_x2mfo_label\" class=\"frm_primary_label\">Nom\r\n\t\t<span class=\"frm_required\" aria-hidden=\"true\">*<\/span>\r\n\t<\/label>\r\n\t<input type=\"text\" id=\"field_x2mfo\" name=\"item_meta[7]\" value=\"\"  placeholder=\"Votre nom\" data-reqmsg=\"Nom cannot be blank.\" aria-required=\"true\" data-invmsg=\"Nom is invalid\" aria-invalid=\"false\"  \/>\r\n\t\r\n\t\r\n<\/div>\n<div id=\"frm_field_8_container\" class=\"frm_form_field form-field  frm_required_field frm_top_container frm6\">\r\n\t<label for=\"field_lik0a\" id=\"field_lik0a_label\" class=\"frm_primary_label\">Pr\u00e9nom\r\n\t\t<span class=\"frm_required\" aria-hidden=\"true\">*<\/span>\r\n\t<\/label>\r\n\t<input type=\"text\" id=\"field_lik0a\" name=\"item_meta[8]\" value=\"\"  placeholder=\"Votre pr\u00e9nom\" data-reqmsg=\"Pr\u00e9nom cannot be blank.\" aria-required=\"true\" data-invmsg=\"Pr\u00e9nom is invalid\" aria-invalid=\"false\"  \/>\r\n\t\r\n\t\r\n<\/div>\n<div id=\"frm_field_9_container\" class=\"frm_form_field form-field  frm_required_field frm_top_container frm6 frm_first\">\r\n\t<label for=\"field_bwokl\" id=\"field_bwokl_label\" class=\"frm_primary_label\">Email\r\n\t\t<span class=\"frm_required\" aria-hidden=\"true\">*<\/span>\r\n\t<\/label>\r\n\t<input type=\"email\" id=\"field_bwokl\" name=\"item_meta[9]\" value=\"\"  placeholder=\"Votre adresse E-mail\" data-reqmsg=\"Email cannot be blank.\" aria-required=\"true\" data-invmsg=\"Email is invalid\" aria-invalid=\"false\"  \/>\r\n\t\r\n\t\r\n<\/div>\n<div id=\"frm_field_10_container\" class=\"frm_form_field form-field  frm_top_container frm6\">\r\n\t<label for=\"field_jxi1s\" id=\"field_jxi1s_label\" class=\"frm_primary_label\">T\u00e9l\u00e9phone\r\n\t\t<span class=\"frm_required\" aria-hidden=\"true\"><\/span>\r\n\t<\/label>\r\n\t<input type=\"tel\" id=\"field_jxi1s\" name=\"item_meta[10]\" value=\"\"  placeholder=\"Votre num\u00e9ro de t\u00e9l\u00e9phone\" data-invmsg=\"T\u00e9l\u00e9phone is invalid\" aria-invalid=\"false\" pattern=\"((\\+\\d{1,3}(-|.| )?\\(?\\d\\)?(-| |.)?\\d{1,5})|(\\(?\\d{2,6}\\)?))(-|.| )?(\\d{3,4})(-|.| )?(\\d{4})(( x| ext)\\d{1,5}){0,1}$\"  \/>\r\n\t\r\n\t\r\n<\/div>\n<div id=\"frm_field_13_container\" class=\"frm_form_field form-field  frm_required_field frm_top_container vertical_radio\">\r\n\t<div  id=\"field_50o3z_label\" class=\"frm_primary_label\">Radio Buttons\r\n\t\t<span class=\"frm_required\" aria-hidden=\"true\">*<\/span>\r\n\t<\/div>\r\n\t<div class=\"frm_opt_container\" aria-labelledby=\"field_50o3z_label\" role=\"radiogroup\" aria-required=\"true\">\t\t<div class=\"frm_radio\" id=\"frm_radio_13-0\">\t\t\t<label  for=\"field_50o3z-0\">\n\t\t\t\t\t<input type=\"radio\" name=\"item_meta[13]\" id=\"field_50o3z-0\" value=\"Inscription en tant que guide\"\n\t\t data-reqmsg=\"Radio Buttons cannot be blank.\" data-invmsg=\"Radio Buttons is invalid\"   \/> Inscription en tant que guide<\/label><\/div>\n\t\t<div class=\"frm_radio\" id=\"frm_radio_13-1\">\t\t\t<label  for=\"field_50o3z-1\">\n\t\t\t\t\t<input type=\"radio\" name=\"item_meta[13]\" id=\"field_50o3z-1\" value=\"Messages ou questions\"\n\t\t data-reqmsg=\"Radio Buttons cannot be blank.\" data-invmsg=\"Radio Buttons is invalid\"   \/> Messages ou questions<\/label><\/div>\n<\/div>\r\n\t\r\n\t\r\n<\/div>\n<div id=\"frm_field_12_container\" class=\"frm_form_field form-field  frm_required_field frm_top_container\">\r\n\t<label for=\"field_xohbq\" id=\"field_xohbq_label\" class=\"frm_primary_label\">Votre message\r\n\t\t<span class=\"frm_required\" aria-hidden=\"true\">*<\/span>\r\n\t<\/label>\r\n\t<textarea name=\"item_meta[12]\" id=\"field_xohbq\" rows=\"5\"  placeholder=\"Tapez ici votre message.\r\nPour une inscription en tant que guide, merci de joindre vos coordonn\u00e9es compl\u00e8tes.\" data-reqmsg=\"Votre message cannot be blank.\" aria-required=\"true\" data-invmsg=\"Votre message is ongeldig\" aria-invalid=\"false\"  ><\/textarea>\r\n\t\r\n\t\r\n<\/div>\n<div id=\"frm_field_6_container\" class=\"frm_form_field form-field  frm12 frm_first\">\r\n\t<div class=\"frm_submit frm_flex\">\r\n<button class=\"frm_button_submit\" type=\"submit\"  >Envoyez votre message<\/button>\r\n\r\n\r\n\r\n<\/div>\r\n<\/div>\n\t<input type=\"hidden\" name=\"item_key\" value=\"\" \/>\n\t\t\t<div id=\"frm_field_14_container\">\n\t\t\t<label for=\"field_6zniw\" >\n\t\t\t\tIndien je een mens bent, laat dit veld leeg.\t\t\t<\/label>\n\t\t\t<input  id=\"field_6zniw\" type=\"text\" class=\"frm_form_field form-field frm_verify\" name=\"item_meta[14]\" value=\"\"  \/>\n\t\t<\/div>\n\t\t<input name=\"frm_state\" type=\"hidden\" value=\"1CaVxuH5YWJE+R04VEzkaXB6SnTdtvNpE6R1IFZKgbQ=\" \/><\/div>\n<\/fieldset>\n<\/div>\n\n<\/form>\n<\/div>\n","protected":false},"excerpt":{"rendered":"","protected":false},"author":1,"featured_media":0,"parent":0,"menu_order":0,"comment_status":"closed","ping_status":"closed","template":"contact.php","meta":{"_acf_changed":false,"footnotes":""},"class_list":["post-19","page","type-page","status-publish","hentry"],"acf":[],"rttpg_featured_image_url":null,"rttpg_author":{"display_name":"indired","author_link":"https:\/\/gmcb-gcbb.be\/nl\/author\/indired\/"},"rttpg_comment":0,"rttpg_category":null,"rttpg_excerpt":null,"_links":{"self":[{"href":"https:\/\/gmcb-gcbb.be\/nl\/wp-json\/wp\/v2\/pages\/19","targetHints":{"allow":["GET"]}}],"collection":[{"href":"https:\/\/gmcb-gcbb.be\/nl\/wp-json\/wp\/v2\/pages"}],"about":[{"href":"https:\/\/gmcb-gcbb.be\/nl\/wp-json\/wp\/v2\/types\/page"}],"author":[{"embeddable":true,"href":"https:\/\/gmcb-gcbb.be\/nl\/wp-json\/wp\/v2\/users\/1"}],"replies":[{"embeddable":true,"href":"https:\/\/gmcb-gcbb.be\/nl\/wp-json\/wp\/v2\/comments?post=19"}],"version-history":[{"count":2,"href":"https:\/\/gmcb-gcbb.be\/nl\/wp-json\/wp\/v2\/pages\/19\/revisions"}],"predecessor-version":[{"id":119,"href":"https:\/\/gmcb-gcbb.be\/nl\/wp-json\/wp\/v2\/pages\/19\/revisions\/119"}],"wp:attachment":[{"href":"https:\/\/gmcb-gcbb.be\/nl\/wp-json\/wp\/v2\/media?parent=19"}],"curies":[{"name":"wp","href":"https:\/\/api.w.org\/{rel}","templated":true}]}}