{"id":152,"date":"2026-02-27T11:47:27","date_gmt":"2026-02-27T11:47:27","guid":{"rendered":"http:\/\/gmcb-gcbb.local\/?page_id=152"},"modified":"2026-04-03T08:41:00","modified_gmt":"2026-04-03T08:41:00","slug":"mentions-legales","status":"publish","type":"page","link":"https:\/\/gmcb-gcbb.be\/nl\/mentions-legales\/","title":{"rendered":"Mentions L\u00e9gales"},"content":{"rendered":"<p>Nom : \u00a0GCMB-GCBB<br>Adresse professionnelle : rue des Archers 16 &#8211; 7090 Henripont<br>E-mail :\u00a0gmcb.gcbb@gmail.com<br>Num\u00e9ro d\u2019entreprise (BCE) : BE075 93 72 715<br>Num\u00e9ro de TVA (si assujetti) : non<\/p>\n\n\n\n<p><strong>Activit\u00e9 professionnelle<\/strong><br>J&rsquo;agis en qualit\u00e9 de &#8230;<\/p>\n\n\n\n<p><strong>H\u00e9bergement du site<\/strong><br>Nom de l\u2019h\u00e9bergeur : OVH<br><br><br><\/p>","protected":false},"excerpt":{"rendered":"<p>Nom : \u00a0GCMB-GCBBAdresse professionnelle : rue des Archers 16 &#8211; 7090 HenripontE-mail :\u00a0gmcb.gcbb@gmail.comNum\u00e9ro d\u2019entreprise (BCE) : BE075 93 72 715Num\u00e9ro de TVA (si assujetti) : non Activit\u00e9 professionnelleJ&rsquo;agis en qualit\u00e9 de &#8230; H\u00e9bergement du siteNom de l\u2019h\u00e9bergeur : OVH<\/p>","protected":false},"author":1,"featured_media":0,"parent":0,"menu_order":0,"comment_status":"closed","ping_status":"closed","template":"page-par-defaut.php","meta":{"_acf_changed":false,"footnotes":""},"class_list":["post-152","page","type-page","status-publish","hentry"],"acf":[],"rttpg_featured_image_url":null,"rttpg_author":{"display_name":"indired","author_link":"https:\/\/gmcb-gcbb.be\/nl\/author\/indired\/"},"rttpg_comment":0,"rttpg_category":null,"rttpg_excerpt":"Nom : \u00a0GCMB-GCBBAdresse professionnelle : rue des Archers 16 &#8211; 7090 HenripontE-mail :\u00a0gmcb.gcbb@gmail.comNum\u00e9ro d\u2019entreprise (BCE) : BE075 93 72 715Num\u00e9ro de TVA (si assujetti) : non Activit\u00e9 professionnelleJ&rsquo;agis en qualit\u00e9 de &#8230; H\u00e9bergement du siteNom de l\u2019h\u00e9bergeur : OVH","_links":{"self":[{"href":"https:\/\/gmcb-gcbb.be\/nl\/wp-json\/wp\/v2\/pages\/152","targetHints":{"allow":["GET"]}}],"collection":[{"href":"https:\/\/gmcb-gcbb.be\/nl\/wp-json\/wp\/v2\/pages"}],"about":[{"href":"https:\/\/gmcb-gcbb.be\/nl\/wp-json\/wp\/v2\/types\/page"}],"author":[{"embeddable":true,"href":"https:\/\/gmcb-gcbb.be\/nl\/wp-json\/wp\/v2\/users\/1"}],"replies":[{"embeddable":true,"href":"https:\/\/gmcb-gcbb.be\/nl\/wp-json\/wp\/v2\/comments?post=152"}],"version-history":[{"count":5,"href":"https:\/\/gmcb-gcbb.be\/nl\/wp-json\/wp\/v2\/pages\/152\/revisions"}],"predecessor-version":[{"id":319,"href":"https:\/\/gmcb-gcbb.be\/nl\/wp-json\/wp\/v2\/pages\/152\/revisions\/319"}],"wp:attachment":[{"href":"https:\/\/gmcb-gcbb.be\/nl\/wp-json\/wp\/v2\/media?parent=152"}],"curies":[{"name":"wp","href":"https:\/\/api.w.org\/{rel}","templated":true}]}}